{"id":195,"date":"2021-10-02T13:09:13","date_gmt":"2021-10-02T11:09:13","guid":{"rendered":"https:\/\/ergodays.com\/fr\/?page_id=195"},"modified":"2026-03-11T10:30:19","modified_gmt":"2026-03-11T09:30:19","slug":"contact","status":"publish","type":"page","link":"https:\/\/ergodays.com\/fr\/contact\/","title":{"rendered":"Contact"},"content":{"rendered":"<p>[et_pb_section fb_built=\u00a0\u00bb1&Prime; admin_label=\u00a0\u00bbHero\u00a0\u00bb _builder_version=\u00a0\u00bb4.16&Prime; background_image=\u00a0\u00bbhttps:\/\/ergodays.com\/fr\/wp-content\/uploads\/2021\/10\/banner-hello-page-contact.jpg\u00a0\u00bb custom_padding=\u00a0\u00bb16vw||16vw|\u00a0\u00bb global_colors_info=\u00a0\u00bb{}\u00a0\u00bb][\/et_pb_section][et_pb_section fb_built=\u00a0\u00bb1&Prime; _builder_version=\u00a0\u00bb4.16&Prime; _module_preset=\u00a0\u00bbdefault\u00a0\u00bb global_colors_info=\u00a0\u00bb{}\u00a0\u00bb][et_pb_row _builder_version=\u00a0\u00bb4.16&Prime; _module_preset=\u00a0\u00bbdefault\u00a0\u00bb global_colors_info=\u00a0\u00bb{}\u00a0\u00bb][et_pb_column type=\u00a0\u00bb4_4&Prime; _builder_version=\u00a0\u00bb4.16&Prime; _module_preset=\u00a0\u00bbdefault\u00a0\u00bb global_colors_info=\u00a0\u00bb{}\u00a0\u00bb][et_pb_text _builder_version=\u00a0\u00bb4.16&Prime; _module_preset=\u00a0\u00bbdefault\u00a0\u00bb header_text_color=\u00a0\u00bb#668C4A\u00a0\u00bb global_colors_info=\u00a0\u00bb{}\u00a0\u00bb]<\/p>\n<h1>Envie de nous contacter ?<\/h1>\n<p>[\/et_pb_text][\/et_pb_column][\/et_pb_row][et_pb_row _builder_version=\u00a0\u00bb4.16&Prime; _module_preset=\u00a0\u00bbdefault\u00a0\u00bb global_colors_info=\u00a0\u00bb{}\u00a0\u00bb][et_pb_column type=\u00a0\u00bb4_4&Prime; _builder_version=\u00a0\u00bb4.16&Prime; _module_preset=\u00a0\u00bbdefault\u00a0\u00bb global_colors_info=\u00a0\u00bb{}\u00a0\u00bb][et_pb_code _builder_version=\u00a0\u00bb4.27.6&Prime; _module_preset=\u00a0\u00bbdefault\u00a0\u00bb hover_enabled=\u00a0\u00bb0&Prime; sticky_enabled=\u00a0\u00bb0&Prime;]<div class=\"forminator-ui forminator-custom-form forminator-custom-form-2884 forminator-design--default  forminator_ajax\" data-forminator-render=\"0\" data-form=\"forminator-module-2884\" data-uid=\"69f0e9ce7f795\"><br\/><\/div><form\n\t\t\t\tid=\"forminator-module-2884\"\n\t\t\t\tclass=\"forminator-ui forminator-custom-form forminator-custom-form-2884 forminator-design--default  forminator_ajax\"\n\t\t\t\tmethod=\"post\"\n\t\t\t\tdata-forminator-render=\"0\"\n\t\t\t\tdata-form-id=\"2884\"\n\t\t\t\t data-color-option=\"theme\" data-design=\"default\" data-grid=\"open\" style=\"display: none;\"\n\t\t\t\tdata-uid=\"69f0e9ce7f795\"\n\t\t\t><div role=\"alert\" aria-live=\"polite\" class=\"forminator-response-message forminator-error\" aria-hidden=\"true\"><\/div><div class=\"forminator-row\"><div id=\"name-1\" class=\"forminator-field-name forminator-col forminator-col-12 \"><div class=\"forminator-field\"><label for=\"forminator-field-name-1_69f0e9ce7f795\" id=\"forminator-field-name-1_69f0e9ce7f795-label\" class=\"forminator-label\">Pr\u00e9nom <span class=\"forminator-required\">*<\/span><\/label><input type=\"text\" name=\"name-1\" value=\"\" placeholder=\"\" id=\"forminator-field-name-1_69f0e9ce7f795\" class=\"forminator-input forminator-name--field\" aria-required=\"true\" autocomplete=\"name\" \/><\/div><\/div><\/div><div class=\"forminator-row\"><div id=\"email-1\" class=\"forminator-field-email forminator-col forminator-col-12 \"><div class=\"forminator-field\"><label for=\"forminator-field-email-1_69f0e9ce7f795\" id=\"forminator-field-email-1_69f0e9ce7f795-label\" class=\"forminator-label\">Adresse de messagerie <span class=\"forminator-required\">*<\/span><\/label><input type=\"email\" name=\"email-1\" value=\"\" placeholder=\"\" id=\"forminator-field-email-1_69f0e9ce7f795\" class=\"forminator-input forminator-email--field\" data-required=\"true\" aria-required=\"true\" autocomplete=\"email\" \/><\/div><\/div><\/div><div class=\"forminator-row\"><div id=\"phone-1\" class=\"forminator-field-phone forminator-col forminator-col-12 \"><div class=\"forminator-field\"><label for=\"forminator-field-phone-1_69f0e9ce7f795\" id=\"forminator-field-phone-1_69f0e9ce7f795-label\" class=\"forminator-label\">Num\u00e9ro de t\u00e9l\u00e9phone<\/label><input type=\"text\" name=\"phone-1\" value=\"\" placeholder=\"\" id=\"forminator-field-phone-1_69f0e9ce7f795\" class=\"forminator-input forminator-field--phone\" data-required=\"\" aria-required=\"false\" autocomplete=\"off\" \/><\/div><\/div><\/div><div class=\"forminator-row\"><div id=\"textarea-1\" class=\"forminator-field-textarea forminator-col forminator-col-12 \"><div class=\"forminator-field\"><label for=\"forminator-field-textarea-1_69f0e9ce7f795\" id=\"forminator-field-textarea-1_69f0e9ce7f795-label\" class=\"forminator-label\">Message<\/label><span id=\"forminator-field-textarea-1_69f0e9ce7f795-description\" class=\"forminator-description\"><span data-limit=\"180\" data-type=\"characters\" data-editor=\"\">0 \/ 180<\/span><\/span><textarea name=\"textarea-1\" placeholder=\"\" id=\"forminator-field-textarea-1_69f0e9ce7f795\" class=\"forminator-textarea\" rows=\"6\" style=\"min-height:140px;\" maxlength=\"180\" ><\/textarea><\/div><\/div><\/div><input type=\"hidden\" name=\"referer_url\" value=\"\" \/><div class=\"forminator-row forminator-row-last\"><div class=\"forminator-col\"><div class=\"forminator-field\"><button class=\"forminator-button forminator-button-submit\">Envoyer<\/button><\/div><\/div><\/div><input type=\"hidden\" id=\"forminator_nonce\" name=\"forminator_nonce\" value=\"75ae15dff4\" \/><input type=\"hidden\" name=\"_wp_http_referer\" value=\"\/fr\/wp-json\/wp\/v2\/pages\/195\" \/><input type=\"hidden\" name=\"form_id\" value=\"2884\"><input type=\"hidden\" name=\"page_id\" value=\"195\"><input type=\"hidden\" name=\"form_type\" value=\"default\"><input type=\"hidden\" name=\"current_url\" value=\"https:\/\/ergodays.com\/fr\/contact\/\"><input type=\"hidden\" name=\"render_id\" value=\"0\"><input type=\"hidden\" name=\"action\" value=\"forminator_submit_form_custom-forms\"><\/form>[\/et_pb_code][\/et_pb_column][\/et_pb_row][\/et_pb_section]<\/p>\n","protected":false},"excerpt":{"rendered":"<p>Envie de nous contacter ?<div class=\"forminator-ui forminator-custom-form forminator-custom-form-2884 forminator-design--default  forminator_ajax\" data-forminator-render=\"1\" data-form=\"forminator-module-2884\" data-uid=\"69f0e9ce8c55b\"><br\/><\/div><form\n\t\t\t\tid=\"forminator-module-2884\"\n\t\t\t\tclass=\"forminator-ui forminator-custom-form forminator-custom-form-2884 forminator-design--default  forminator_ajax\"\n\t\t\t\tmethod=\"post\"\n\t\t\t\tdata-forminator-render=\"1\"\n\t\t\t\tdata-form-id=\"2884\"\n\t\t\t\t data-color-option=\"theme\" data-design=\"default\" data-grid=\"open\" style=\"display: none;\"\n\t\t\t\tdata-uid=\"69f0e9ce8c55b\"\n\t\t\t><div role=\"alert\" aria-live=\"polite\" class=\"forminator-response-message forminator-error\" aria-hidden=\"true\"><\/div><div class=\"forminator-row\"><div id=\"name-1\" class=\"forminator-field-name forminator-col forminator-col-12 \"><div class=\"forminator-field\"><label for=\"forminator-field-name-1_69f0e9ce8c55b\" id=\"forminator-field-name-1_69f0e9ce8c55b-label\" class=\"forminator-label\">Pr\u00e9nom <span class=\"forminator-required\">*<\/span><\/label><input type=\"text\" name=\"name-1\" value=\"\" placeholder=\"\" id=\"forminator-field-name-1_69f0e9ce8c55b\" class=\"forminator-input forminator-name--field\" aria-required=\"true\" autocomplete=\"name\" \/><\/div><\/div><\/div><div class=\"forminator-row\"><div id=\"email-1\" class=\"forminator-field-email forminator-col forminator-col-12 \"><div class=\"forminator-field\"><label for=\"forminator-field-email-1_69f0e9ce8c55b\" id=\"forminator-field-email-1_69f0e9ce8c55b-label\" class=\"forminator-label\">Adresse de messagerie <span class=\"forminator-required\">*<\/span><\/label><input type=\"email\" name=\"email-1\" value=\"\" placeholder=\"\" id=\"forminator-field-email-1_69f0e9ce8c55b\" class=\"forminator-input forminator-email--field\" data-required=\"true\" aria-required=\"true\" autocomplete=\"email\" \/><\/div><\/div><\/div><div class=\"forminator-row\"><div id=\"phone-1\" class=\"forminator-field-phone forminator-col forminator-col-12 \"><div class=\"forminator-field\"><label for=\"forminator-field-phone-1_69f0e9ce8c55b\" id=\"forminator-field-phone-1_69f0e9ce8c55b-label\" class=\"forminator-label\">Num\u00e9ro de t\u00e9l\u00e9phone<\/label><input type=\"text\" name=\"phone-1\" value=\"\" placeholder=\"\" id=\"forminator-field-phone-1_69f0e9ce8c55b\" class=\"forminator-input forminator-field--phone\" data-required=\"\" aria-required=\"false\" autocomplete=\"off\" \/><\/div><\/div><\/div><div class=\"forminator-row\"><div id=\"textarea-1\" class=\"forminator-field-textarea forminator-col forminator-col-12 \"><div class=\"forminator-field\"><label for=\"forminator-field-textarea-1_69f0e9ce8c55b\" id=\"forminator-field-textarea-1_69f0e9ce8c55b-label\" class=\"forminator-label\">Message<\/label><span id=\"forminator-field-textarea-1_69f0e9ce8c55b-description\" class=\"forminator-description\"><span data-limit=\"180\" data-type=\"characters\" data-editor=\"\">0 \/ 180<\/span><\/span><textarea name=\"textarea-1\" placeholder=\"\" id=\"forminator-field-textarea-1_69f0e9ce8c55b\" class=\"forminator-textarea\" rows=\"6\" style=\"min-height:140px;\" maxlength=\"180\" ><\/textarea><\/div><\/div><\/div><input type=\"hidden\" name=\"referer_url\" value=\"\" \/><div class=\"forminator-row forminator-row-last\"><div class=\"forminator-col\"><div class=\"forminator-field\"><button class=\"forminator-button forminator-button-submit\">Envoyer<\/button><\/div><\/div><\/div><input type=\"hidden\" id=\"forminator_nonce\" name=\"forminator_nonce\" value=\"75ae15dff4\" \/><input type=\"hidden\" name=\"_wp_http_referer\" value=\"\/fr\/wp-json\/wp\/v2\/pages\/195\" \/><input type=\"hidden\" name=\"form_id\" value=\"2884\"><input type=\"hidden\" name=\"page_id\" value=\"195\"><input type=\"hidden\" name=\"form_type\" value=\"default\"><input type=\"hidden\" name=\"current_url\" value=\"https:\/\/ergodays.com\/fr\/contact\/\"><input type=\"hidden\" name=\"render_id\" value=\"1\"><input type=\"hidden\" name=\"action\" value=\"forminator_submit_form_custom-forms\"><\/form><\/p>\n","protected":false},"author":1,"featured_media":0,"parent":0,"menu_order":0,"comment_status":"closed","ping_status":"closed","template":"","meta":{"_et_pb_use_builder":"on","_et_pb_old_content":"","_et_gb_content_width":"","footnotes":""},"class_list":["post-195","page","type-page","status-publish","hentry"],"yoast_head":"<!-- This site is optimized with the Yoast SEO plugin v27.1.1 - https:\/\/yoast.com\/product\/yoast-seo-wordpress\/ -->\n<title>Contact - Ergodays<\/title>\n<meta name=\"robots\" content=\"noindex, nofollow\" \/>\n<meta property=\"og:locale\" content=\"fr_FR\" \/>\n<meta property=\"og:type\" content=\"article\" \/>\n<meta property=\"og:title\" content=\"Contact - Ergodays\" \/>\n<meta property=\"og:description\" content=\"Envie de nous contacter ?\" \/>\n<meta property=\"og:url\" content=\"https:\/\/ergodays.com\/fr\/contact\/\" \/>\n<meta property=\"og:site_name\" content=\"Ergodays\" \/>\n<meta property=\"article:modified_time\" content=\"2026-03-11T09:30:19+00:00\" \/>\n<meta name=\"twitter:card\" content=\"summary_large_image\" \/>\n<script type=\"application\/ld+json\" class=\"yoast-schema-graph\">{\"@context\":\"https:\/\/schema.org\",\"@graph\":[{\"@type\":\"WebPage\",\"@id\":\"https:\/\/ergodays.com\/fr\/contact\/\",\"url\":\"https:\/\/ergodays.com\/fr\/contact\/\",\"name\":\"Contact - Ergodays\",\"isPartOf\":{\"@id\":\"https:\/\/ergodays.com\/fr\/#website\"},\"datePublished\":\"2021-10-02T11:09:13+00:00\",\"dateModified\":\"2026-03-11T09:30:19+00:00\",\"breadcrumb\":{\"@id\":\"https:\/\/ergodays.com\/fr\/contact\/#breadcrumb\"},\"inLanguage\":\"fr-FR\",\"potentialAction\":[{\"@type\":\"ReadAction\",\"target\":[\"https:\/\/ergodays.com\/fr\/contact\/\"]}]},{\"@type\":\"BreadcrumbList\",\"@id\":\"https:\/\/ergodays.com\/fr\/contact\/#breadcrumb\",\"itemListElement\":[{\"@type\":\"ListItem\",\"position\":1,\"name\":\"Accueil\",\"item\":\"https:\/\/ergodays.com\/fr\/\"},{\"@type\":\"ListItem\",\"position\":2,\"name\":\"Contact\"}]},{\"@type\":\"WebSite\",\"@id\":\"https:\/\/ergodays.com\/fr\/#website\",\"url\":\"https:\/\/ergodays.com\/fr\/\",\"name\":\"Ergodays\",\"description\":\"Faire entrer l&#039;ergonomie dans notre quotidien\",\"publisher\":{\"@id\":\"https:\/\/ergodays.com\/fr\/#organization\"},\"potentialAction\":[{\"@type\":\"SearchAction\",\"target\":{\"@type\":\"EntryPoint\",\"urlTemplate\":\"https:\/\/ergodays.com\/fr\/?s={search_term_string}\"},\"query-input\":{\"@type\":\"PropertyValueSpecification\",\"valueRequired\":true,\"valueName\":\"search_term_string\"}}],\"inLanguage\":\"fr-FR\"},{\"@type\":\"Organization\",\"@id\":\"https:\/\/ergodays.com\/fr\/#organization\",\"name\":\"Ergodays\",\"url\":\"https:\/\/ergodays.com\/fr\/\",\"logo\":{\"@type\":\"ImageObject\",\"inLanguage\":\"fr-FR\",\"@id\":\"https:\/\/ergodays.com\/fr\/#\/schema\/logo\/image\/\",\"url\":\"https:\/\/ergodays.com\/fr\/wp-content\/uploads\/2021\/10\/logo-carre-ergodays-500-zoom.png\",\"contentUrl\":\"https:\/\/ergodays.com\/fr\/wp-content\/uploads\/2021\/10\/logo-carre-ergodays-500-zoom.png\",\"width\":500,\"height\":500,\"caption\":\"Ergodays\"},\"image\":{\"@id\":\"https:\/\/ergodays.com\/fr\/#\/schema\/logo\/image\/\"}}]}<\/script>\n<!-- \/ Yoast SEO plugin. -->","yoast_head_json":{"title":"Contact - Ergodays","robots":{"index":"noindex","follow":"nofollow"},"og_locale":"fr_FR","og_type":"article","og_title":"Contact - Ergodays","og_description":"Envie de nous contacter ?","og_url":"https:\/\/ergodays.com\/fr\/contact\/","og_site_name":"Ergodays","article_modified_time":"2026-03-11T09:30:19+00:00","twitter_card":"summary_large_image","schema":{"@context":"https:\/\/schema.org","@graph":[{"@type":"WebPage","@id":"https:\/\/ergodays.com\/fr\/contact\/","url":"https:\/\/ergodays.com\/fr\/contact\/","name":"Contact - Ergodays","isPartOf":{"@id":"https:\/\/ergodays.com\/fr\/#website"},"datePublished":"2021-10-02T11:09:13+00:00","dateModified":"2026-03-11T09:30:19+00:00","breadcrumb":{"@id":"https:\/\/ergodays.com\/fr\/contact\/#breadcrumb"},"inLanguage":"fr-FR","potentialAction":[{"@type":"ReadAction","target":["https:\/\/ergodays.com\/fr\/contact\/"]}]},{"@type":"BreadcrumbList","@id":"https:\/\/ergodays.com\/fr\/contact\/#breadcrumb","itemListElement":[{"@type":"ListItem","position":1,"name":"Accueil","item":"https:\/\/ergodays.com\/fr\/"},{"@type":"ListItem","position":2,"name":"Contact"}]},{"@type":"WebSite","@id":"https:\/\/ergodays.com\/fr\/#website","url":"https:\/\/ergodays.com\/fr\/","name":"Ergodays","description":"Faire entrer l&#039;ergonomie dans notre quotidien","publisher":{"@id":"https:\/\/ergodays.com\/fr\/#organization"},"potentialAction":[{"@type":"SearchAction","target":{"@type":"EntryPoint","urlTemplate":"https:\/\/ergodays.com\/fr\/?s={search_term_string}"},"query-input":{"@type":"PropertyValueSpecification","valueRequired":true,"valueName":"search_term_string"}}],"inLanguage":"fr-FR"},{"@type":"Organization","@id":"https:\/\/ergodays.com\/fr\/#organization","name":"Ergodays","url":"https:\/\/ergodays.com\/fr\/","logo":{"@type":"ImageObject","inLanguage":"fr-FR","@id":"https:\/\/ergodays.com\/fr\/#\/schema\/logo\/image\/","url":"https:\/\/ergodays.com\/fr\/wp-content\/uploads\/2021\/10\/logo-carre-ergodays-500-zoom.png","contentUrl":"https:\/\/ergodays.com\/fr\/wp-content\/uploads\/2021\/10\/logo-carre-ergodays-500-zoom.png","width":500,"height":500,"caption":"Ergodays"},"image":{"@id":"https:\/\/ergodays.com\/fr\/#\/schema\/logo\/image\/"}}]}},"_links":{"self":[{"href":"https:\/\/ergodays.com\/fr\/wp-json\/wp\/v2\/pages\/195","targetHints":{"allow":["GET"]}}],"collection":[{"href":"https:\/\/ergodays.com\/fr\/wp-json\/wp\/v2\/pages"}],"about":[{"href":"https:\/\/ergodays.com\/fr\/wp-json\/wp\/v2\/types\/page"}],"author":[{"embeddable":true,"href":"https:\/\/ergodays.com\/fr\/wp-json\/wp\/v2\/users\/1"}],"replies":[{"embeddable":true,"href":"https:\/\/ergodays.com\/fr\/wp-json\/wp\/v2\/comments?post=195"}],"version-history":[{"count":7,"href":"https:\/\/ergodays.com\/fr\/wp-json\/wp\/v2\/pages\/195\/revisions"}],"predecessor-version":[{"id":2885,"href":"https:\/\/ergodays.com\/fr\/wp-json\/wp\/v2\/pages\/195\/revisions\/2885"}],"wp:attachment":[{"href":"https:\/\/ergodays.com\/fr\/wp-json\/wp\/v2\/media?parent=195"}],"curies":[{"name":"wp","href":"https:\/\/api.w.org\/{rel}","templated":true}]}}