{"id":202,"date":"2021-10-02T13:14:38","date_gmt":"2021-10-02T11:14:38","guid":{"rendered":"https:\/\/ergodays.com\/fr\/?page_id=202"},"modified":"2025-06-18T11:09:36","modified_gmt":"2025-06-18T09:09:36","slug":"mentions-legales","status":"publish","type":"page","link":"https:\/\/ergodays.com\/fr\/mentions-legales\/","title":{"rendered":"Mentions L\u00e9gales"},"content":{"rendered":"<p>[et_pb_section fb_built=\u00a0\u00bb1&Prime; _builder_version=\u00a0\u00bb4.16&Prime; _module_preset=\u00a0\u00bbdefault\u00a0\u00bb global_colors_info=\u00a0\u00bb{}\u00a0\u00bb][et_pb_row _builder_version=\u00a0\u00bb4.16&Prime; _module_preset=\u00a0\u00bbdefault\u00a0\u00bb global_colors_info=\u00a0\u00bb{}\u00a0\u00bb][et_pb_column type=\u00a0\u00bb4_4&Prime; _builder_version=\u00a0\u00bb4.16&Prime; _module_preset=\u00a0\u00bbdefault\u00a0\u00bb global_colors_info=\u00a0\u00bb{}\u00a0\u00bb][et_pb_text _builder_version=\u00a0\u00bb4.16&Prime; _module_preset=\u00a0\u00bbdefault\u00a0\u00bb global_colors_info=\u00a0\u00bb{}\u00a0\u00bb]<\/p>\n<h1 style=\"text-align: center;\">Mentions L\u00e9gales<\/h1>\n<p>[\/et_pb_text][\/et_pb_column][\/et_pb_row][et_pb_row _builder_version=\u00a0\u00bb4.16&Prime; _module_preset=\u00a0\u00bbdefault\u00a0\u00bb global_colors_info=\u00a0\u00bb{}\u00a0\u00bb][et_pb_column type=\u00a0\u00bb4_4&Prime; _builder_version=\u00a0\u00bb4.16&Prime; _module_preset=\u00a0\u00bbdefault\u00a0\u00bb global_colors_info=\u00a0\u00bb{}\u00a0\u00bb][et_pb_text _builder_version=\u00a0\u00bb4.16&Prime; _module_preset=\u00a0\u00bbdefault\u00a0\u00bb global_colors_info=\u00a0\u00bb{}\u00a0\u00bb]<\/p>\n<h2>1. Loi sur l\u2019\u00e9conomie num\u00e9rique<\/h2>\n<p>Conform\u00e9ment aux dispositions des articles 6-III et 19 de la loi pour la Confiance dans l\u2019\u00c9conomie Num\u00e9rique, nous vous informons que :<\/p>\n<p><b>Le prestataire assurant l\u2019h\u00e9bergement\u00a0est :<\/b><\/p>\n<p>Le site ergodays.com est h\u00e9berg\u00e9 par la soci\u00e9t\u00e9 o2switch<br \/>Propri\u00e9taire du site : Nicolas Bretagne<br \/>Email : bretagne.nicolas@outlook.com<br \/>Adresse: 222-224 Boulevard Gustave Flaubert, 63000 Clermont-Ferrand<br \/>O2 switch est un h\u00e9bergeur web ind\u00e9pendant, membre du RIPE (AS50474) et op\u00e9rateur d\u00e9clar\u00e9 \u00e0<br \/>l\u2019ARCEP.<br \/>Courriel : support@o2switch.fr<br \/>T\u00e9l\u00e9phone : +334 44 44 60 40<\/p>\n<p>[\/et_pb_text][et_pb_text _builder_version=\u00a0\u00bb4.16&Prime; _module_preset=\u00a0\u00bbdefault\u00a0\u00bb global_colors_info=\u00a0\u00bb{}\u00a0\u00bb]<\/p>\n<h2>2. Propri\u00e9t\u00e9 intellectuelle<\/h2>\n<p>L\u2019ensemble de ce site rel\u00e8ve des l\u00e9gislations fran\u00e7aise et internationale sur le droit d\u2019auteur et la propri\u00e9t\u00e9 intellectuelle. Tous les droits de reproduction sont r\u00e9serv\u00e9s, y compris pour les documents iconographiques et photographiques. En cons\u00e9quence, toute reproduction de ceux-ci, totale ou partielle, ou imitation, sans notre accord expr\u00e8s, pr\u00e9alable et \u00e9crit, est interdite.<br \/>Il est formellement interdit de collecter et d\u2019utiliser les \u00e9l\u00e9ments disponibles sur le site \u00e0 des fins commerciales. Cette interdiction s\u2019\u00e9tend notamment, sans que cette liste ne soit limitative, \u00e0 tout \u00e9l\u00e9ment r\u00e9dactionnel figurant sur le site, \u00e0 la pr\u00e9sentation des \u00e9crans, aux logos, images, photos, graphiques, de quelque nature qu\u2019ils soient.<\/p>\n<p>[\/et_pb_text][et_pb_text _builder_version=\u00a0\u00bb4.16&Prime; _module_preset=\u00a0\u00bbdefault\u00a0\u00bb global_colors_info=\u00a0\u00bb{}\u00a0\u00bb]<\/p>\n<h2>3. Commentaires et soumissions<\/h2>\n<p>Les commentaires <span style=\"font-size: 14px;\">d\u00e9pos\u00e9s par les internautes refl\u00e8tent exclusivement l\u2019avis de leurs auteurs et demeure sous leur responsabilit\u00e9. En \u00e9crivant des commentaires sur le site, l\u2019internaute accepte de se soumettre aux lois fran\u00e7aises et internationales.<\/span><\/p>\n<p><span style=\"font-size: 14px;\">Les administrateurs du site se r\u00e9servent le droit de mod\u00e9rer, modifier ou supprimer tout commentaire qu\u2019ils jugeraient contraire \u00e0 ces lois ou sans int\u00e9r\u00eat pour les visiteur du site.\u00a0<\/span><\/p>\n<p>[\/et_pb_text][et_pb_text _builder_version=\u00a0\u00bb4.16&Prime; _module_preset=\u00a0\u00bbdefault\u00a0\u00bb global_colors_info=\u00a0\u00bb{}\u00a0\u00bb]<\/p>\n<h2>4. Affiliations<\/h2>\n<p>Je tiens \u00e0 vous informer qu\u2019il existe une relation d\u2019affili\u00e9 avec la plupart des fournisseurs de biens et de services dont parle ce blog, me permettant de recevoir une compensation pour tout achat effectu\u00e9 \u00e0 partir de ce blog. Je participe en particulier au Programme Partenaires d\u2019Amazon Europe S.A R.L., un programme d\u2019affiliation con\u00e7u pour permettre \u00e0 des sites de percevoir une r\u00e9mun\u00e9ration gr\u00e2ce \u00e0 la cr\u00e9ation de liens vers Amazon.fr (sans augmentation pour vous).<\/p>\n<p>Il importe de souligner que le contenu de ce blog n\u2019est en aucun cas guid\u00e9 par le d\u00e9sir de vendre un produit co\u00fbte que co\u00fbte. Autrement dit vous ne trouverez jamais dans mes articles un lien affili\u00e9 vers un produit ou un service que je n\u2019aurais pas mis en lien de toute fa\u00e7on. L\u2019un de mes crit\u00e8re pour faire un lien \u00e9tant la qualit\u00e9 du site, du service ou d\u2019un produit que je souligne.<\/p>\n<p>[\/et_pb_text][et_pb_text _builder_version=\u00a0\u00bb4.16&Prime; _module_preset=\u00a0\u00bbdefault\u00a0\u00bb global_colors_info=\u00a0\u00bb{}\u00a0\u00bb]<\/p>\n<h2>5. Donn\u00e9es personnelles<\/h2>\n<p><span style=\"font-size: 14px;\">Nous vous informons que les donn\u00e9es personnelles collect\u00e9es sur le site ne seront en aucun cas distribu\u00e9e \u00e0 des tiers, ni vendue, ni lou\u00e9es, ni pr\u00eat\u00e9es. Conform\u00e9ment \u00e0 la loi, vous disposez d\u2019un droit d\u2019acc\u00e8s, de modification, de rectification et de suppression des donn\u00e9es qui vous concernent (art. 34 de la loi \u00ab Informatique et Libert\u00e9s \u00bb du 6 janvier 1978). Vous pouvez, \u00e0 tout moment, demander \u00e0 exercer ce droit soit en nous contactant via le<\/span><span style=\"font-size: 14px;\">\u00a0<\/span><a title=\"Contact\" href=\"https:\/\/ergodays.com\/fr\/contact\/\" style=\"font-size: 14px;\">formulaire de contact<\/a><span style=\"font-size: 14px;\">, soit en nous adressant un courrier \u00e0 l\u2019adresse de l\u2019\u00e9diteur.\u00a0<\/span><\/p>\n<p>Il importe de souligner que le contenu de ce blog n\u2019est en aucun cas guid\u00e9 par le d\u00e9sir de vendre un produit co\u00fbte que co\u00fbte. Autrement dit vous ne trouverez jamais dans mes articles un lien affili\u00e9 vers un produit ou un service que je n\u2019aurais pas mis en lien de toute fa\u00e7on. L\u2019un de mes crit\u00e8re pour faire un lien \u00e9tant la qualit\u00e9 du site, du service ou d\u2019un produit que je souligne.<\/p>\n<p>[\/et_pb_text][et_pb_text _builder_version=\u00a0\u00bb4.16&Prime; _module_preset=\u00a0\u00bbdefault\u00a0\u00bb global_colors_info=\u00a0\u00bb{}\u00a0\u00bb]<\/p>\n<h2>6. Analyse du trafic<\/h2>\n<p>Ce site utilise Google Analytics, un service d\u2019analyse du trafic de site internet fourni par Google Inc. (\u00ab Google \u00bb). Google Analytics utilise des cookies , qui sont des fichiers textes h\u00e9berg\u00e9s sur votre ordinateur, pour aider le site internet \u00e0 analyser l\u2019utilisation du site par ses utilisateurs. Les donn\u00e9es g\u00e9n\u00e9r\u00e9es par les cookies concernant votre utilisation du site (y compris votre adresse IP) sont transmises et stock\u00e9es par Google sur des serveurs situ\u00e9s aux Etats-Unis. Google utilise ces information dans le but d\u2019\u00e9valuer l\u2019utilisation du site par ses visiteurs, de compiler des rapports sur l\u2019activit\u00e9 du site \u00e0 destination de son \u00e9diteur et de fournir d\u2019autres services relatifs \u00e0 l\u2019activit\u00e9 du site et \u00e0 l\u2019utilisation d\u2019Internet. Google est susceptible de communiquer ces donn\u00e9es \u00e0 des tiers en cas d\u2019obligation l\u00e9gale ou lorsque ces tiers traitent ces donn\u00e9es pour le compte de Google, y compris notamment l\u2019\u00e9diteur de ce site. Google s\u2019engage \u00e0 ne jamais recouper votre adresse IP avec toute autre donn\u00e9e d\u00e9tenue par Google. Vous pouvez d\u00e9sactiver l\u2019utilisation de cookies en s\u00e9lectionnant les param\u00e8tres appropri\u00e9s de votre navigateur. Cependant, une telle d\u00e9sactivation pourrait emp\u00eacher l\u2019utilisation de certaines fonctionnalit\u00e9s de ce site. En utilisant ce site Web, vous acceptez que Google traite des donn\u00e9es vous concernant de la mani\u00e8re et aux fins d\u00e9crites ci-dessus.<\/p>\n<p>[\/et_pb_text][\/et_pb_column][\/et_pb_row][\/et_pb_section]<\/p>\n","protected":false},"excerpt":{"rendered":"<p>Mentions L\u00e9gales1. Loi sur l\u2019\u00e9conomie num\u00e9rique Conform\u00e9ment aux dispositions des articles 6-III et 19 de la loi pour la Confiance dans l\u2019\u00c9conomie Num\u00e9rique, nous vous informons que : Le prestataire assurant l\u2019h\u00e9bergement\u00a0est : Le site ergodays.com est h\u00e9berg\u00e9 par la soci\u00e9t\u00e9 o2switchPropri\u00e9taire du site : Nicolas BretagneEmail : bretagne.nicolas@outlook.comAdresse: 222-224 Boulevard Gustave Flaubert, 63000 Clermont-FerrandO2 [&hellip;]<\/p>\n","protected":false},"author":1,"featured_media":0,"parent":0,"menu_order":0,"comment_status":"closed","ping_status":"closed","template":"","meta":{"_et_pb_use_builder":"on","_et_pb_old_content":"","_et_gb_content_width":"","footnotes":""},"class_list":["post-202","page","type-page","status-publish","hentry"],"yoast_head":"<!-- This site is optimized with the Yoast SEO plugin v27.1.1 - https:\/\/yoast.com\/product\/yoast-seo-wordpress\/ -->\n<title>Mentions L\u00e9gales - Ergodays<\/title>\n<meta name=\"robots\" content=\"noindex, nofollow\" \/>\n<meta property=\"og:locale\" content=\"fr_FR\" \/>\n<meta property=\"og:type\" content=\"article\" \/>\n<meta property=\"og:title\" content=\"Mentions L\u00e9gales - Ergodays\" \/>\n<meta property=\"og:description\" content=\"Mentions L\u00e9gales1. Loi sur l\u2019\u00e9conomie num\u00e9rique Conform\u00e9ment aux dispositions des articles 6-III et 19 de la loi pour la Confiance dans l\u2019\u00c9conomie Num\u00e9rique, nous vous informons que : Le prestataire assurant l\u2019h\u00e9bergement\u00a0est : Le site ergodays.com est h\u00e9berg\u00e9 par la soci\u00e9t\u00e9 o2switchPropri\u00e9taire du site : Nicolas BretagneEmail : bretagne.nicolas@outlook.comAdresse: 222-224 Boulevard Gustave Flaubert, 63000 Clermont-FerrandO2 [&hellip;]\" \/>\n<meta property=\"og:url\" content=\"https:\/\/ergodays.com\/fr\/mentions-legales\/\" \/>\n<meta property=\"og:site_name\" content=\"Ergodays\" \/>\n<meta property=\"article:modified_time\" content=\"2025-06-18T09:09:36+00:00\" \/>\n<meta name=\"twitter:card\" content=\"summary_large_image\" \/>\n<script type=\"application\/ld+json\" class=\"yoast-schema-graph\">{\"@context\":\"https:\/\/schema.org\",\"@graph\":[{\"@type\":\"WebPage\",\"@id\":\"https:\/\/ergodays.com\/fr\/mentions-legales\/\",\"url\":\"https:\/\/ergodays.com\/fr\/mentions-legales\/\",\"name\":\"Mentions L\u00e9gales - Ergodays\",\"isPartOf\":{\"@id\":\"https:\/\/ergodays.com\/fr\/#website\"},\"datePublished\":\"2021-10-02T11:14:38+00:00\",\"dateModified\":\"2025-06-18T09:09:36+00:00\",\"breadcrumb\":{\"@id\":\"https:\/\/ergodays.com\/fr\/mentions-legales\/#breadcrumb\"},\"inLanguage\":\"fr-FR\",\"potentialAction\":[{\"@type\":\"ReadAction\",\"target\":[\"https:\/\/ergodays.com\/fr\/mentions-legales\/\"]}]},{\"@type\":\"BreadcrumbList\",\"@id\":\"https:\/\/ergodays.com\/fr\/mentions-legales\/#breadcrumb\",\"itemListElement\":[{\"@type\":\"ListItem\",\"position\":1,\"name\":\"Accueil\",\"item\":\"https:\/\/ergodays.com\/fr\/\"},{\"@type\":\"ListItem\",\"position\":2,\"name\":\"Mentions L\u00e9gales\"}]},{\"@type\":\"WebSite\",\"@id\":\"https:\/\/ergodays.com\/fr\/#website\",\"url\":\"https:\/\/ergodays.com\/fr\/\",\"name\":\"Ergodays\",\"description\":\"Faire entrer l&#039;ergonomie dans notre quotidien\",\"publisher\":{\"@id\":\"https:\/\/ergodays.com\/fr\/#organization\"},\"potentialAction\":[{\"@type\":\"SearchAction\",\"target\":{\"@type\":\"EntryPoint\",\"urlTemplate\":\"https:\/\/ergodays.com\/fr\/?s={search_term_string}\"},\"query-input\":{\"@type\":\"PropertyValueSpecification\",\"valueRequired\":true,\"valueName\":\"search_term_string\"}}],\"inLanguage\":\"fr-FR\"},{\"@type\":\"Organization\",\"@id\":\"https:\/\/ergodays.com\/fr\/#organization\",\"name\":\"Ergodays\",\"url\":\"https:\/\/ergodays.com\/fr\/\",\"logo\":{\"@type\":\"ImageObject\",\"inLanguage\":\"fr-FR\",\"@id\":\"https:\/\/ergodays.com\/fr\/#\/schema\/logo\/image\/\",\"url\":\"https:\/\/ergodays.com\/fr\/wp-content\/uploads\/2021\/10\/logo-carre-ergodays-500-zoom.png\",\"contentUrl\":\"https:\/\/ergodays.com\/fr\/wp-content\/uploads\/2021\/10\/logo-carre-ergodays-500-zoom.png\",\"width\":500,\"height\":500,\"caption\":\"Ergodays\"},\"image\":{\"@id\":\"https:\/\/ergodays.com\/fr\/#\/schema\/logo\/image\/\"}}]}<\/script>\n<!-- \/ Yoast SEO plugin. -->","yoast_head_json":{"title":"Mentions L\u00e9gales - Ergodays","robots":{"index":"noindex","follow":"nofollow"},"og_locale":"fr_FR","og_type":"article","og_title":"Mentions L\u00e9gales - Ergodays","og_description":"Mentions L\u00e9gales1. Loi sur l\u2019\u00e9conomie num\u00e9rique Conform\u00e9ment aux dispositions des articles 6-III et 19 de la loi pour la Confiance dans l\u2019\u00c9conomie Num\u00e9rique, nous vous informons que : Le prestataire assurant l\u2019h\u00e9bergement\u00a0est : Le site ergodays.com est h\u00e9berg\u00e9 par la soci\u00e9t\u00e9 o2switchPropri\u00e9taire du site : Nicolas BretagneEmail : bretagne.nicolas@outlook.comAdresse: 222-224 Boulevard Gustave Flaubert, 63000 Clermont-FerrandO2 [&hellip;]","og_url":"https:\/\/ergodays.com\/fr\/mentions-legales\/","og_site_name":"Ergodays","article_modified_time":"2025-06-18T09:09:36+00:00","twitter_card":"summary_large_image","schema":{"@context":"https:\/\/schema.org","@graph":[{"@type":"WebPage","@id":"https:\/\/ergodays.com\/fr\/mentions-legales\/","url":"https:\/\/ergodays.com\/fr\/mentions-legales\/","name":"Mentions L\u00e9gales - Ergodays","isPartOf":{"@id":"https:\/\/ergodays.com\/fr\/#website"},"datePublished":"2021-10-02T11:14:38+00:00","dateModified":"2025-06-18T09:09:36+00:00","breadcrumb":{"@id":"https:\/\/ergodays.com\/fr\/mentions-legales\/#breadcrumb"},"inLanguage":"fr-FR","potentialAction":[{"@type":"ReadAction","target":["https:\/\/ergodays.com\/fr\/mentions-legales\/"]}]},{"@type":"BreadcrumbList","@id":"https:\/\/ergodays.com\/fr\/mentions-legales\/#breadcrumb","itemListElement":[{"@type":"ListItem","position":1,"name":"Accueil","item":"https:\/\/ergodays.com\/fr\/"},{"@type":"ListItem","position":2,"name":"Mentions L\u00e9gales"}]},{"@type":"WebSite","@id":"https:\/\/ergodays.com\/fr\/#website","url":"https:\/\/ergodays.com\/fr\/","name":"Ergodays","description":"Faire entrer l&#039;ergonomie dans notre quotidien","publisher":{"@id":"https:\/\/ergodays.com\/fr\/#organization"},"potentialAction":[{"@type":"SearchAction","target":{"@type":"EntryPoint","urlTemplate":"https:\/\/ergodays.com\/fr\/?s={search_term_string}"},"query-input":{"@type":"PropertyValueSpecification","valueRequired":true,"valueName":"search_term_string"}}],"inLanguage":"fr-FR"},{"@type":"Organization","@id":"https:\/\/ergodays.com\/fr\/#organization","name":"Ergodays","url":"https:\/\/ergodays.com\/fr\/","logo":{"@type":"ImageObject","inLanguage":"fr-FR","@id":"https:\/\/ergodays.com\/fr\/#\/schema\/logo\/image\/","url":"https:\/\/ergodays.com\/fr\/wp-content\/uploads\/2021\/10\/logo-carre-ergodays-500-zoom.png","contentUrl":"https:\/\/ergodays.com\/fr\/wp-content\/uploads\/2021\/10\/logo-carre-ergodays-500-zoom.png","width":500,"height":500,"caption":"Ergodays"},"image":{"@id":"https:\/\/ergodays.com\/fr\/#\/schema\/logo\/image\/"}}]}},"_links":{"self":[{"href":"https:\/\/ergodays.com\/fr\/wp-json\/wp\/v2\/pages\/202","targetHints":{"allow":["GET"]}}],"collection":[{"href":"https:\/\/ergodays.com\/fr\/wp-json\/wp\/v2\/pages"}],"about":[{"href":"https:\/\/ergodays.com\/fr\/wp-json\/wp\/v2\/types\/page"}],"author":[{"embeddable":true,"href":"https:\/\/ergodays.com\/fr\/wp-json\/wp\/v2\/users\/1"}],"replies":[{"embeddable":true,"href":"https:\/\/ergodays.com\/fr\/wp-json\/wp\/v2\/comments?post=202"}],"version-history":[{"count":4,"href":"https:\/\/ergodays.com\/fr\/wp-json\/wp\/v2\/pages\/202\/revisions"}],"predecessor-version":[{"id":2449,"href":"https:\/\/ergodays.com\/fr\/wp-json\/wp\/v2\/pages\/202\/revisions\/2449"}],"wp:attachment":[{"href":"https:\/\/ergodays.com\/fr\/wp-json\/wp\/v2\/media?parent=202"}],"curies":[{"name":"wp","href":"https:\/\/api.w.org\/{rel}","templated":true}]}}