{"id":881,"date":"2021-10-13T10:49:45","date_gmt":"2021-10-13T08:49:45","guid":{"rendered":"https:\/\/ergodays.com\/fr\/?page_id=881"},"modified":"2021-10-17T19:27:39","modified_gmt":"2021-10-17T17:27:39","slug":"politique-de-confidentialite-2","status":"publish","type":"page","link":"https:\/\/ergodays.com\/fr\/politique-de-confidentialite-2\/","title":{"rendered":"Politique de Confidentialit\u00e9"},"content":{"rendered":"\n[et_pb_section fb_built=\u00a0\u00bb1&Prime; _builder_version=\u00a0\u00bb4.11.1&Prime; _module_preset=\u00a0\u00bbdefault\u00a0\u00bb][et_pb_row _builder_version=\u00a0\u00bb4.11.1&Prime; _module_preset=\u00a0\u00bbdefault\u00a0\u00bb][et_pb_column _builder_version=\u00a0\u00bb4.11.1&Prime; _module_preset=\u00a0\u00bbdefault\u00a0\u00bb type=\u00a0\u00bb4_4&Prime;][et_pb_text _builder_version=\u00a0\u00bb4.11.1&Prime; _module_preset=\u00a0\u00bbdefault\u00a0\u00bb hover_enabled=\u00a0\u00bb0&Prime; sticky_enabled=\u00a0\u00bb0&Prime;]<h1 style=\"text-align: center;\">Politique de Confidentialit\u00e9<strong style=\"font-size: 14px; text-align: left; color: #666666; font-family: 'Open Sans', Arial, sans-serif;\"><\/strong><\/h1>\n<h2 style=\"text-align: left;\"><strong style=\"font-size: 26px; text-align: left;\">1. Collecte de l\u2019information<\/strong><\/h2>\n<div id=\"maincolumns\">\n<div class=\"interior\">\n<div id=\"front-column-2\" class=\"front-column\">\n<div class=\"back\">\n<div class=\"content\">\n<div id=\"post-45\" class=\"post-45 page type-page status-publish hentry odd\">\n<div class=\"singlepost\">\n<div class=\"contenido\">\n<p>Nous recueillons des informations lorsque vous vous inscrivez sur notre site. Les informations recueillies incluent votre nom, votre adresse e-mail, num\u00e9ro de t\u00e9l\u00e9phone. Nous recevons et enregistrons automatiquement des informations \u00e0 partir de votre ordinateur, t\u00e9l\u00e9phone ou tablette ainsi que votre navigateur, y compris votre adresse IP, vos logiciels et votre mat\u00e9riel, et la page que vous demandez.<\/p>\n<p><strong style=\"color: #333333; font-family: Oswald, Helvetica, Arial, Lucida, sans-serif; font-size: 26px;\">2. Utilisation des informations<\/strong><\/p>\n<p>Toutes les informations que nous recueillons aupr\u00e8s de vous peuvent \u00eatre utilis\u00e9es pour :<\/p>\n<p>&#8211; Personnaliser votre exp\u00e9rience et r\u00e9pondre \u00e0 vos besoins individuels<\/p>\n<p>&#8211; Fournir un contenu publicitaire personnalis\u00e9<\/p>\n<p>&#8211; Am\u00e9liorer notre site<\/p>\n<p>&#8211; Am\u00e9liorer le service client et vos besoins de prise en charge<\/p>\n<p>&#8211; Vous contacter par e-mail dans le cadre de l\u2019envoi de newsletters ou emails commerciaux<\/p>\n<p>&#8211; Administrer un concours, une promotion, ou une enqu\u00eate<\/p>\n<h2><strong>3. Confidentialit\u00e9 du commerce en ligne<\/strong><\/h2>\n<p>Nous garantissons la s\u00e9curit\u00e9 des informations transmises.<\/p>\n<p><strong style=\"color: #333333; font-family: Oswald, Helvetica, Arial, Lucida, sans-serif; font-size: 26px;\">4. Divulgation \u00e0 des tiers<\/strong><\/p>\n<p>Nous ne vendons, n\u2019\u00e9changeons et ne transf\u00e9rons pas vos informations personnelles identifiables \u00e0 des tiers. Cela ne comprend pas les tierces parties de confiance qui nous aident \u00e0 exploiter notre site Web ou \u00e0 mener nos affaires, tant que ces parties conviennent de garder ces informations confidentielles.<\/p>\n<p>Nous pensons qu\u2019il est n\u00e9cessaire de partager des informations afin d\u2019enqu\u00eater, de pr\u00e9venir ou de prendre des mesures concernant des activit\u00e9s ill\u00e9gales, fraudes pr\u00e9sum\u00e9es, situations impliquant des menaces potentielles \u00e0 la s\u00e9curit\u00e9 physique de toute personne, violations de nos conditions d\u2019utilisation, ou quand la loi nous y contraint.<\/p>\n<p>Les informations non-priv\u00e9es, cependant, peuvent \u00eatre fournies \u00e0 d\u2019autres parties pour le marketing, la publicit\u00e9, ou d\u2019autres utilisations.<\/p>\n<p><strong style=\"color: #333333; font-family: Oswald, Helvetica, Arial, Lucida, sans-serif; font-size: 26px;\">5. Protection des informations<\/strong><\/p>\n<p>Nous mettons en \u0153uvre une vari\u00e9t\u00e9 de mesures de s\u00e9curit\u00e9 pour pr\u00e9server la s\u00e9curit\u00e9 de vos informations personnelles. Nous utilisons un cryptage pour prot\u00e9ger vos donn\u00e9es personnelles transmises en ligne. Nous prot\u00e9geons \u00e9galement vos informations hors ligne. Seuls les employ\u00e9s qui ont besoin d\u2019effectuer un travail sp\u00e9cifique ont acc\u00e8s aux informations personnelles identifiables. Les ordinateurs et serveurs utilis\u00e9s pour stocker des informations personnelles identifiables sont conserv\u00e9s dans un environnement s\u00e9curis\u00e9.<\/p>\n<h2><strong>6. Est-ce que nous utilisons des cookies ?<\/strong><\/h2>\n<p>Notre site utilise des cookies afin d\u2019am\u00e9liorer l\u2019exp\u00e9rience utilisateur gr\u00e2ce au suivi et au ciblage des int\u00e9r\u00eats. Cependant, cette utilisation des cookies n\u2019est en aucune fa\u00e7on li\u00e9e \u00e0 des informations personnelles identifiables sur notre site.<\/p>\n<h2><strong>7. Se d\u00e9sabonner<\/strong><\/h2>\n<p>Nous utilisons l\u2019adresse e-mail que vous fournissez pour vous envoyer des newsletters, des informations sur des produits li\u00e9s, des emails promotionnels etc. Si \u00e0 n\u2019importe quel moment vous souhaitez vous d\u00e9sinscrire et ne plus recevoir d\u2019e-mails, des instructions de d\u00e9sabonnement d\u00e9taill\u00e9es sont incluses en bas de chaque e-mail. Si vous avez le moindre probl\u00e8me, un formulaire de contact est \u00e9galement disponible sur le site.<\/p>\n<h2><strong>8. Consentement<\/strong><\/h2>\n<p>En utilisant notre site, vous consentez \u00e0 notre politique de confidentialit\u00e9.<\/p>\n<\/div>\n<\/div>\n<\/div>\n<div id=\"comentarios-single\"><\/div>\n<\/div>\n<\/div>\n<\/div>\n<\/div>\n<\/div>[\/et_pb_text][\/et_pb_column][\/et_pb_row][\/et_pb_section]\n","protected":false},"excerpt":{"rendered":"<p>Politique de Confidentialit\u00e9 1. Collecte de l\u2019information Nous recueillons des informations lorsque vous vous inscrivez sur notre site. Les informations recueillies incluent votre nom, votre adresse e-mail, num\u00e9ro de t\u00e9l\u00e9phone. Nous recevons et enregistrons automatiquement des informations \u00e0 partir de votre ordinateur, t\u00e9l\u00e9phone ou tablette ainsi que votre navigateur, y compris votre adresse IP, vos [&hellip;]<\/p>\n","protected":false},"author":1,"featured_media":0,"parent":0,"menu_order":0,"comment_status":"closed","ping_status":"closed","template":"","meta":{"_et_pb_use_builder":"on","_et_pb_old_content":"","_et_gb_content_width":"","footnotes":""},"class_list":["post-881","page","type-page","status-publish","hentry"],"yoast_head":"<!-- This site is optimized with the Yoast SEO plugin v27.1.1 - https:\/\/yoast.com\/product\/yoast-seo-wordpress\/ -->\n<title>Politique de Confidentialit\u00e9 - Ergodays<\/title>\n<meta name=\"robots\" content=\"noindex, nofollow\" \/>\n<meta property=\"og:locale\" content=\"fr_FR\" \/>\n<meta property=\"og:type\" content=\"article\" \/>\n<meta property=\"og:title\" content=\"Politique de Confidentialit\u00e9 - Ergodays\" \/>\n<meta property=\"og:description\" content=\"Politique de Confidentialit\u00e9 1. Collecte de l\u2019information Nous recueillons des informations lorsque vous vous inscrivez sur notre site. Les informations recueillies incluent votre nom, votre adresse e-mail, num\u00e9ro de t\u00e9l\u00e9phone. Nous recevons et enregistrons automatiquement des informations \u00e0 partir de votre ordinateur, t\u00e9l\u00e9phone ou tablette ainsi que votre navigateur, y compris votre adresse IP, vos [&hellip;]\" \/>\n<meta property=\"og:url\" content=\"https:\/\/ergodays.com\/fr\/politique-de-confidentialite-2\/\" \/>\n<meta property=\"og:site_name\" content=\"Ergodays\" \/>\n<meta property=\"article:modified_time\" content=\"2021-10-17T17:27:39+00:00\" \/>\n<meta name=\"twitter:card\" content=\"summary_large_image\" \/>\n<script type=\"application\/ld+json\" class=\"yoast-schema-graph\">{\"@context\":\"https:\/\/schema.org\",\"@graph\":[{\"@type\":\"WebPage\",\"@id\":\"https:\/\/ergodays.com\/fr\/politique-de-confidentialite-2\/\",\"url\":\"https:\/\/ergodays.com\/fr\/politique-de-confidentialite-2\/\",\"name\":\"Politique de Confidentialit\u00e9 - Ergodays\",\"isPartOf\":{\"@id\":\"https:\/\/ergodays.com\/fr\/#website\"},\"datePublished\":\"2021-10-13T08:49:45+00:00\",\"dateModified\":\"2021-10-17T17:27:39+00:00\",\"breadcrumb\":{\"@id\":\"https:\/\/ergodays.com\/fr\/politique-de-confidentialite-2\/#breadcrumb\"},\"inLanguage\":\"fr-FR\",\"potentialAction\":[{\"@type\":\"ReadAction\",\"target\":[\"https:\/\/ergodays.com\/fr\/politique-de-confidentialite-2\/\"]}]},{\"@type\":\"BreadcrumbList\",\"@id\":\"https:\/\/ergodays.com\/fr\/politique-de-confidentialite-2\/#breadcrumb\",\"itemListElement\":[{\"@type\":\"ListItem\",\"position\":1,\"name\":\"Accueil\",\"item\":\"https:\/\/ergodays.com\/fr\/\"},{\"@type\":\"ListItem\",\"position\":2,\"name\":\"Politique de Confidentialit\u00e9\"}]},{\"@type\":\"WebSite\",\"@id\":\"https:\/\/ergodays.com\/fr\/#website\",\"url\":\"https:\/\/ergodays.com\/fr\/\",\"name\":\"Ergodays\",\"description\":\"Faire entrer l&#039;ergonomie dans notre quotidien\",\"publisher\":{\"@id\":\"https:\/\/ergodays.com\/fr\/#organization\"},\"potentialAction\":[{\"@type\":\"SearchAction\",\"target\":{\"@type\":\"EntryPoint\",\"urlTemplate\":\"https:\/\/ergodays.com\/fr\/?s={search_term_string}\"},\"query-input\":{\"@type\":\"PropertyValueSpecification\",\"valueRequired\":true,\"valueName\":\"search_term_string\"}}],\"inLanguage\":\"fr-FR\"},{\"@type\":\"Organization\",\"@id\":\"https:\/\/ergodays.com\/fr\/#organization\",\"name\":\"Ergodays\",\"url\":\"https:\/\/ergodays.com\/fr\/\",\"logo\":{\"@type\":\"ImageObject\",\"inLanguage\":\"fr-FR\",\"@id\":\"https:\/\/ergodays.com\/fr\/#\/schema\/logo\/image\/\",\"url\":\"https:\/\/ergodays.com\/fr\/wp-content\/uploads\/2021\/10\/logo-carre-ergodays-500-zoom.png\",\"contentUrl\":\"https:\/\/ergodays.com\/fr\/wp-content\/uploads\/2021\/10\/logo-carre-ergodays-500-zoom.png\",\"width\":500,\"height\":500,\"caption\":\"Ergodays\"},\"image\":{\"@id\":\"https:\/\/ergodays.com\/fr\/#\/schema\/logo\/image\/\"}}]}<\/script>\n<!-- \/ Yoast SEO plugin. -->","yoast_head_json":{"title":"Politique de Confidentialit\u00e9 - Ergodays","robots":{"index":"noindex","follow":"nofollow"},"og_locale":"fr_FR","og_type":"article","og_title":"Politique de Confidentialit\u00e9 - Ergodays","og_description":"Politique de Confidentialit\u00e9 1. Collecte de l\u2019information Nous recueillons des informations lorsque vous vous inscrivez sur notre site. Les informations recueillies incluent votre nom, votre adresse e-mail, num\u00e9ro de t\u00e9l\u00e9phone. Nous recevons et enregistrons automatiquement des informations \u00e0 partir de votre ordinateur, t\u00e9l\u00e9phone ou tablette ainsi que votre navigateur, y compris votre adresse IP, vos [&hellip;]","og_url":"https:\/\/ergodays.com\/fr\/politique-de-confidentialite-2\/","og_site_name":"Ergodays","article_modified_time":"2021-10-17T17:27:39+00:00","twitter_card":"summary_large_image","schema":{"@context":"https:\/\/schema.org","@graph":[{"@type":"WebPage","@id":"https:\/\/ergodays.com\/fr\/politique-de-confidentialite-2\/","url":"https:\/\/ergodays.com\/fr\/politique-de-confidentialite-2\/","name":"Politique de Confidentialit\u00e9 - Ergodays","isPartOf":{"@id":"https:\/\/ergodays.com\/fr\/#website"},"datePublished":"2021-10-13T08:49:45+00:00","dateModified":"2021-10-17T17:27:39+00:00","breadcrumb":{"@id":"https:\/\/ergodays.com\/fr\/politique-de-confidentialite-2\/#breadcrumb"},"inLanguage":"fr-FR","potentialAction":[{"@type":"ReadAction","target":["https:\/\/ergodays.com\/fr\/politique-de-confidentialite-2\/"]}]},{"@type":"BreadcrumbList","@id":"https:\/\/ergodays.com\/fr\/politique-de-confidentialite-2\/#breadcrumb","itemListElement":[{"@type":"ListItem","position":1,"name":"Accueil","item":"https:\/\/ergodays.com\/fr\/"},{"@type":"ListItem","position":2,"name":"Politique de Confidentialit\u00e9"}]},{"@type":"WebSite","@id":"https:\/\/ergodays.com\/fr\/#website","url":"https:\/\/ergodays.com\/fr\/","name":"Ergodays","description":"Faire entrer l&#039;ergonomie dans notre quotidien","publisher":{"@id":"https:\/\/ergodays.com\/fr\/#organization"},"potentialAction":[{"@type":"SearchAction","target":{"@type":"EntryPoint","urlTemplate":"https:\/\/ergodays.com\/fr\/?s={search_term_string}"},"query-input":{"@type":"PropertyValueSpecification","valueRequired":true,"valueName":"search_term_string"}}],"inLanguage":"fr-FR"},{"@type":"Organization","@id":"https:\/\/ergodays.com\/fr\/#organization","name":"Ergodays","url":"https:\/\/ergodays.com\/fr\/","logo":{"@type":"ImageObject","inLanguage":"fr-FR","@id":"https:\/\/ergodays.com\/fr\/#\/schema\/logo\/image\/","url":"https:\/\/ergodays.com\/fr\/wp-content\/uploads\/2021\/10\/logo-carre-ergodays-500-zoom.png","contentUrl":"https:\/\/ergodays.com\/fr\/wp-content\/uploads\/2021\/10\/logo-carre-ergodays-500-zoom.png","width":500,"height":500,"caption":"Ergodays"},"image":{"@id":"https:\/\/ergodays.com\/fr\/#\/schema\/logo\/image\/"}}]}},"_links":{"self":[{"href":"https:\/\/ergodays.com\/fr\/wp-json\/wp\/v2\/pages\/881","targetHints":{"allow":["GET"]}}],"collection":[{"href":"https:\/\/ergodays.com\/fr\/wp-json\/wp\/v2\/pages"}],"about":[{"href":"https:\/\/ergodays.com\/fr\/wp-json\/wp\/v2\/types\/page"}],"author":[{"embeddable":true,"href":"https:\/\/ergodays.com\/fr\/wp-json\/wp\/v2\/users\/1"}],"replies":[{"embeddable":true,"href":"https:\/\/ergodays.com\/fr\/wp-json\/wp\/v2\/comments?post=881"}],"version-history":[{"count":3,"href":"https:\/\/ergodays.com\/fr\/wp-json\/wp\/v2\/pages\/881\/revisions"}],"predecessor-version":[{"id":1229,"href":"https:\/\/ergodays.com\/fr\/wp-json\/wp\/v2\/pages\/881\/revisions\/1229"}],"wp:attachment":[{"href":"https:\/\/ergodays.com\/fr\/wp-json\/wp\/v2\/media?parent=881"}],"curies":[{"name":"wp","href":"https:\/\/api.w.org\/{rel}","templated":true}]}}